{"id":6,"date":"2020-09-09T23:13:56","date_gmt":"2020-09-09T23:13:56","guid":{"rendered":"https:\/\/tulokas.devnettisivu.net\/?page_id=6"},"modified":"2025-01-31T09:10:23","modified_gmt":"2025-01-31T09:10:23","slug":"sivusto","status":"publish","type":"page","link":"https:\/\/klavis.fi\/","title":{"rendered":"Sivusto"},"content":{"rendered":"<p>[et_pb_section fb_built=&#8221;1&#8243; _builder_version=&#8221;4.17.1&#8243; use_background_color_gradient=&#8221;on&#8221; background_color_gradient_stops=&#8221;rgba(104,104,104,0.23) 0%|rgba(10,10,10,0.4) 100%&#8221; background_color_gradient_overlays_image=&#8221;on&#8221; background_color_gradient_start=&#8221;rgba(104,104,104,0.23)&#8221; background_color_gradient_end=&#8221;rgba(10,10,10,0.4)&#8221; background_image=&#8221;https:\/\/klavis.fi\/wp-content\/uploads\/2022\/04\/2000&#215;1100-15.jpg&#8221; width=&#8221;80%&#8221; width_tablet=&#8221;100%&#8221; width_phone=&#8221;&#8221; width_last_edited=&#8221;on|tablet&#8221; module_alignment=&#8221;center&#8221; custom_padding=&#8221;78px||68px|||&#8221; global_colors_info=&#8221;{}&#8221;][et_pb_row _builder_version=&#8221;4.17.1&#8243; global_colors_info=&#8221;{}&#8221;][et_pb_column type=&#8221;4_4&#8243; _builder_version=&#8221;4.16&#8243; global_colors_info=&#8221;{}&#8221;][et_pb_text _builder_version=&#8221;4.17.1&#8243; header_text_color=&#8221;#FFFFFF&#8221; header_font_size=&#8221;53px&#8221; header_font_size_tablet=&#8221;7vw&#8221; header_font_size_phone=&#8221;9vw&#8221; header_font_size_last_edited=&#8221;on|phone&#8221; global_colors_info=&#8221;{}&#8221;]<\/p>\n<h1 style=\"text-align: center;\">Hoidamme LVI-urakat lujalla osaamisella, oli kyseess\u00e4 sitten remontti tai uudisrakennus<\/h1>\n<p>[\/et_pb_text][et_pb_button button_url=&#8221;#yhteys&#8221; button_text=&#8221;Ota yhteytt\u00e4!&#8221; button_alignment=&#8221;center&#8221; _builder_version=&#8221;4.16&#8243; background_layout=&#8221;dark&#8221; global_colors_info=&#8221;{}&#8221;][\/et_pb_button][\/et_pb_column][\/et_pb_row][\/et_pb_section][et_pb_section fb_built=&#8221;1&#8243; module_id=&#8221;yritys&#8221; _builder_version=&#8221;4.16&#8243; background_color=&#8221;#FFFFFF&#8221; width=&#8221;80%&#8221; width_tablet=&#8221;100%&#8221; width_phone=&#8221;&#8221; width_last_edited=&#8221;on|tablet&#8221; module_alignment=&#8221;center&#8221; custom_padding=&#8221;||41px||false|false&#8221; global_colors_info=&#8221;{}&#8221;][et_pb_row column_structure=&#8221;2_5,3_5&#8243; _builder_version=&#8221;4.16&#8243; width=&#8221;100%&#8221; custom_padding=&#8221;|20px||20px|false|false&#8221; global_colors_info=&#8221;{}&#8221;][et_pb_column type=&#8221;2_5&#8243; _builder_version=&#8221;4.16&#8243; global_colors_info=&#8221;{}&#8221;][et_pb_image src=&#8221;https:\/\/klavis.fi\/wp-content\/uploads\/2022\/04\/2000&#215;1100-16.jpg&#8221; alt=&#8221;white ceramic mug on table&#8221; title_text=&#8221;2000&#215;1100 (16)&#8221; _builder_version=&#8221;4.17.1&#8243; width_tablet=&#8221;46%&#8221; width_phone=&#8221;100%&#8221; width_last_edited=&#8221;on|tablet&#8221; module_alignment_tablet=&#8221;center&#8221; module_alignment_phone=&#8221;&#8221; module_alignment_last_edited=&#8221;on|phone&#8221; global_colors_info=&#8221;{}&#8221;][\/et_pb_image][\/et_pb_column][et_pb_column type=&#8221;3_5&#8243; _builder_version=&#8221;4.16&#8243; global_colors_info=&#8221;{}&#8221;][et_pb_text _builder_version=&#8221;4.17.2&#8243; custom_margin=&#8221;||17px|||&#8221; global_colors_info=&#8221;{}&#8221;]<\/p>\n<h2>Olemme erikoistuneet k\u00e4ytt\u00f6vesi-, l\u00e4mmitys- ja ilmanvaihtoj\u00e4rjestelmien tehokkaaseen asennukseen ja saneeraukseen<\/h2>\n<p>[\/et_pb_text][et_pb_text _builder_version=&#8221;4.17.1&#8243; global_colors_info=&#8221;{}&#8221;]<\/p>\n<p>Kaikki asentajamme ovat raudanlujia ammattilaisia ja se n\u00e4kyy my\u00f6s tekem\u00e4ss\u00e4mme ty\u00f6ss\u00e4. Hoidamme jokaisen LVI-urakan aina sek\u00e4 parhailla osaajilla, ett\u00e4 kohteeseen sopivimmilla materiaaleilla. Jos haluat kuulla lis\u00e4\u00e4 meist\u00e4 yhteisty\u00f6kumppanina, voit milloin tahansa olla meihin yhteydess\u00e4 ja kysy\u00e4 lis\u00e4\u00e4. Vastaamme kaikkiin kysymyksiisi parhaamme mukaan!<\/p>\n<p>[\/et_pb_text][et_pb_button button_url=&#8221;#yhteys&#8221; button_text=&#8221;Ota yhteytt\u00e4!&#8221; button_alignment=&#8221;center&#8221; _builder_version=&#8221;4.16&#8243; global_colors_info=&#8221;{}&#8221;][\/et_pb_button][\/et_pb_column][\/et_pb_row][\/et_pb_section][et_pb_section fb_built=&#8221;1&#8243; module_id=&#8221;palvelut&#8221; _builder_version=&#8221;4.16&#8243; background_color=&#8221;#FFFFFF&#8221; width=&#8221;80%&#8221; width_tablet=&#8221;100%&#8221; width_phone=&#8221;&#8221; width_last_edited=&#8221;on|tablet&#8221; module_alignment=&#8221;center&#8221; custom_padding=&#8221;0px||8px|||&#8221; global_colors_info=&#8221;{}&#8221;][et_pb_row _builder_version=&#8221;4.16&#8243; width=&#8221;100%&#8221; max_width=&#8221;2560px&#8221; custom_padding=&#8221;0px||0px|||&#8221; global_colors_info=&#8221;{}&#8221;][et_pb_column type=&#8221;4_4&#8243; _builder_version=&#8221;4.16&#8243; global_colors_info=&#8221;{}&#8221;][et_pb_slider _builder_version=&#8221;4.17.2&#8243; custom_padding=&#8221;92px||83px|||&#8221; auto=&#8221;on&#8221; body_font_size_tablet=&#8221;&#8221; body_font_size_phone=&#8221;17px&#8221; body_font_size_last_edited=&#8221;on|tablet&#8221; global_colors_info=&#8221;{}&#8221;][et_pb_slide heading=&#8221;Uudisrakennukset&#8221; button_text=&#8221;Ota yhteytt\u00e4&#8221; button_link=&#8221;#yhteys&#8221; _builder_version=&#8221;4.17.2&#8243; header_font=&#8221;|600|||||||&#8221; background_enable_color=&#8221;off&#8221; use_background_color_gradient=&#8221;on&#8221; background_color_gradient_stops=&#8221;rgba(76,76,76,0.17) 0%|rgba(66,66,66,0.56) 100%&#8221; background_color_gradient_overlays_image=&#8221;on&#8221; background_color_gradient_start=&#8221;rgba(76,76,76,0.17)&#8221; background_color_gradient_end=&#8221;rgba(66,66,66,0.56)&#8221; background_image=&#8221;https:\/\/klavis.fi\/wp-content\/uploads\/2022\/04\/2000&#215;1100-12.jpg&#8221; background_enable_image=&#8221;on&#8221; global_colors_info=&#8221;{}&#8221; sticky_transition=&#8221;on&#8221;]<\/p>\n<p>Rakennamme uusiin kohteisiin vesi- ja ilmanvaihtoj\u00e4rjestelmi\u00e4 sek\u00e4 alihankkijana, ett\u00e4 suoraan rakennuttajan toimeksiannosta. Mik\u00e4li tarvitset apua ty\u00f6n suunnittelussa tai toteutuksessa, ota yhteytt\u00e4 ja kysy lis\u00e4\u00e4!<\/p>\n<p>[\/et_pb_slide][et_pb_slide heading=&#8221;Saneeraukset&#8221; button_text=&#8221;Ota yhteytt\u00e4&#8221; button_link=&#8221;#yhteys&#8221; _builder_version=&#8221;4.17.2&#8243; header_font=&#8221;|600|||||||&#8221; background_enable_color=&#8221;off&#8221; use_background_color_gradient=&#8221;on&#8221; background_color_gradient_stops=&#8221;rgba(76,76,76,0.17) 0%|rgba(66,66,66,0.56) 100%&#8221; background_color_gradient_overlays_image=&#8221;on&#8221; background_color_gradient_start=&#8221;rgba(76,76,76,0.17)&#8221; background_color_gradient_end=&#8221;rgba(66,66,66,0.56)&#8221; background_image=&#8221;https:\/\/klavis.fi\/wp-content\/uploads\/2022\/04\/2000&#215;1100-14.jpg&#8221; background_enable_image=&#8221;on&#8221; global_colors_info=&#8221;{}&#8221; sticky_transition=&#8221;on&#8221;]<\/p>\n<p>Kun talotekniikan j\u00e4rjestelm\u00e4t ovat tulleet tiens\u00e4 p\u00e4\u00e4h\u00e4n, autamme niiden p\u00e4ivityksess\u00e4 t\u00e4h\u00e4n p\u00e4iv\u00e4\u00e4n. Meill\u00e4 on kokemusta monipuolisesti erilaisista ilmanvaihto-, k\u00e4ytt\u00f6vesi-, ett\u00e4 l\u00e4mp\u00f6verkkoremonteista.<\/p>\n<p>[\/et_pb_slide][\/et_pb_slider][\/et_pb_column][\/et_pb_row][\/et_pb_section][et_pb_section fb_built=&#8221;1&#8243; module_id=&#8221;tarina&#8221; _builder_version=&#8221;4.16&#8243; background_color=&#8221;#FFFFFF&#8221; width=&#8221;80%&#8221; width_tablet=&#8221;100%&#8221; width_phone=&#8221;&#8221; width_last_edited=&#8221;on|tablet&#8221; module_alignment=&#8221;center&#8221; custom_margin=&#8221;-14px|||||&#8221; custom_padding=&#8221;51px||28px|||&#8221; global_colors_info=&#8221;{}&#8221;][et_pb_row _builder_version=&#8221;4.27.0&#8243; width=&#8221;100%&#8221; custom_padding=&#8221;25px|20px|36px|20px|false|false&#8221; global_colors_info=&#8221;{}&#8221;][et_pb_column type=&#8221;4_4&#8243; _builder_version=&#8221;4.16&#8243; global_colors_info=&#8221;{}&#8221;][et_pb_text _builder_version=&#8221;4.27.0&#8243; header_2_text_align=&#8221;center&#8221; header_2_font_size=&#8221;23px&#8221; max_width=&#8221;500px&#8221; module_alignment=&#8221;center&#8221; custom_margin=&#8221;||19px|||&#8221; global_colors_info=&#8221;{}&#8221;]<\/p>\n<h2>Linjasaneeraus putkity\u00f6t ja uudis okt\/paritalo lvi ty\u00f6t ammattitaidolla p\u00e4\u00e4kaupunki seudulla<\/h2>\n<p>[\/et_pb_text][\/et_pb_column][\/et_pb_row][et_pb_row column_structure=&#8221;1_3,1_3,1_3&#8243; module_id=&#8221;yhteys&#8221; _builder_version=&#8221;4.17.1&#8243; _module_preset=&#8221;default&#8221; width=&#8221;90%&#8221; module_alignment=&#8221;center&#8221; border_width_top=&#8221;3px&#8221; global_colors_info=&#8221;{}&#8221;][et_pb_column type=&#8221;1_3&#8243; _builder_version=&#8221;4.17.1&#8243; _module_preset=&#8221;default&#8221; global_colors_info=&#8221;{}&#8221;][et_pb_text module_id=&#8221;yhteys&#8221; _builder_version=&#8221;4.16&#8243; custom_margin=&#8221;||17px|||&#8221; global_colors_info=&#8221;{}&#8221;]<\/p>\n<h2 style=\"text-align: left;\">Ota yhteytt\u00e4<\/h2>\n<p>[\/et_pb_text][\/et_pb_column][et_pb_column type=&#8221;1_3&#8243; _builder_version=&#8221;4.17.1&#8243; _module_preset=&#8221;default&#8221; global_colors_info=&#8221;{}&#8221;][et_pb_text _builder_version=&#8221;4.27.4&#8243; text_text_color=&#8221;#fc5c10&#8243; text_font_size=&#8221;17px&#8221; text_line_height=&#8221;1.8em&#8221; link_text_color=&#8221;gcid-a65e81dd-ee04-4afb-90ac-9255e8a7c316&#8243; hover_enabled=&#8221;0&#8243; global_colors_info=&#8221;{%22gcid-a65e81dd-ee04-4afb-90ac-9255e8a7c316%22:%91%22text_text_color%22,%22link_text_color%22%93}&#8221; sticky_enabled=&#8221;0&#8243;]<\/p>\n<p><span>Atte Luokkanen<br \/><\/span><a href=\"tel:045 2141050\">045 2141050<\/a><br \/><a href=\"mailto:atte_luokkanen@hotmail.com\">atte_luokkanen@hotmail.com<\/a><\/p>\n<p>[\/et_pb_text][\/et_pb_column][et_pb_column type=&#8221;1_3&#8243; _builder_version=&#8221;4.17.1&#8243; _module_preset=&#8221;default&#8221; global_colors_info=&#8221;{}&#8221;][et_pb_text _builder_version=&#8221;4.27.0&#8243; text_text_color=&#8221;#fc5c10&#8243; text_font_size=&#8221;17px&#8221; text_line_height=&#8221;1.8em&#8221; link_text_color=&#8221;gcid-a65e81dd-ee04-4afb-90ac-9255e8a7c316&#8243; global_colors_info=&#8221;{%22gcid-a65e81dd-ee04-4afb-90ac-9255e8a7c316%22:%91%22text_text_color%22,%22link_text_color%22%93}&#8221;]<\/p>\n<p><span>Micalis Marjanen<\/span><br \/><a href=\"tel:0407636230\"><span>0407636230<\/span><\/a><br \/><a href=\"mailto:Micalis.marjanen@gmail.com\">Micalis.marjanen@gmail.com<\/a><\/p>\n<p>[\/et_pb_text][\/et_pb_column][\/et_pb_row][et_pb_row column_structure=&#8221;1_5,3_5,1_5&#8243; _builder_version=&#8221;4.16&#8243; width=&#8221;100%&#8221; max_width=&#8221;2560px&#8221; custom_margin=&#8221;33px|auto||auto||&#8221; custom_padding=&#8221;0px|20px||20px|false|false&#8221; global_colors_info=&#8221;{}&#8221;][et_pb_column type=&#8221;1_5&#8243; _builder_version=&#8221;4.16&#8243; global_colors_info=&#8221;{}&#8221;][\/et_pb_column][et_pb_column type=&#8221;3_5&#8243; _builder_version=&#8221;4.16&#8243; border_radii=&#8221;on|11px|11px|11px|11px&#8221; border_width_all=&#8221;1px&#8221; border_color_all=&#8221;gcid-a65e81dd-ee04-4afb-90ac-9255e8a7c316&#8243; box_shadow_style=&#8221;preset1&#8243; box_shadow_blur=&#8221;10px&#8221; global_colors_info=&#8221;{%22gcid-a65e81dd-ee04-4afb-90ac-9255e8a7c316%22:%91%22border_color_all%22%93}&#8221;][et_pb_contact_form use_spam_service=&#8221;on&#8221; recaptcha_list=&#8221;klavis|klavis-0&#8243; email=&#8221;micalis.marjanen@gmail.com&#8221; custom_message=&#8221;Uusi yhteydenotto nettisivuilta||et_pb_line_break_holder||||et_pb_line_break_holder||Nimi: %%Name%%||et_pb_line_break_holder||Puhelin: %%puh%%||et_pb_line_break_holder||S\u00e4hk\u00f6posti: %%Email%%||et_pb_line_break_holder||||et_pb_line_break_holder||Viesti:||et_pb_line_break_holder||%%Message%%&#8221; _builder_version=&#8221;4.27.4&#8243; _unique_id=&#8221;fdfdf684-d5e3-4d10-9399-733a380a39bb&#8221; form_field_background_color=&#8221;#f4f4f4&#8243; form_field_text_color=&#8221;#000000&#8243; custom_padding=&#8221;40px|20px|20px|20px|false|false&#8221; hover_enabled=&#8221;0&#8243; border_width_all=&#8221;1px&#8221; border_color_all=&#8221;gcid-a65e81dd-ee04-4afb-90ac-9255e8a7c316&#8243; global_module=&#8221;113&#8243; saved_tabs=&#8221;all&#8221; global_colors_info=&#8221;{%22gcid-a65e81dd-ee04-4afb-90ac-9255e8a7c316%22:%91%22border_color_all%22%93}&#8221; sticky_enabled=&#8221;0&#8243;][et_pb_contact_field field_id=&#8221;Name&#8221; field_title=&#8221;Nimi&#8221; fullwidth_field=&#8221;on&#8221; _builder_version=&#8221;4.16&#8243; global_colors_info=&#8221;{}&#8221; button_text_size__hover_enabled=&#8221;off&#8221; button_one_text_size__hover_enabled=&#8221;off&#8221; button_two_text_size__hover_enabled=&#8221;off&#8221; button_text_color__hover_enabled=&#8221;off&#8221; button_one_text_color__hover_enabled=&#8221;off&#8221; button_two_text_color__hover_enabled=&#8221;off&#8221; button_border_width__hover_enabled=&#8221;off&#8221; button_one_border_width__hover_enabled=&#8221;off&#8221; button_two_border_width__hover_enabled=&#8221;off&#8221; button_border_color__hover_enabled=&#8221;off&#8221; button_one_border_color__hover_enabled=&#8221;off&#8221; button_two_border_color__hover_enabled=&#8221;off&#8221; button_border_radius__hover_enabled=&#8221;off&#8221; button_one_border_radius__hover_enabled=&#8221;off&#8221; button_two_border_radius__hover_enabled=&#8221;off&#8221; button_letter_spacing__hover_enabled=&#8221;off&#8221; button_one_letter_spacing__hover_enabled=&#8221;off&#8221; button_two_letter_spacing__hover_enabled=&#8221;off&#8221; button_bg_color__hover_enabled=&#8221;off&#8221; button_one_bg_color__hover_enabled=&#8221;off&#8221; button_two_bg_color__hover_enabled=&#8221;off&#8221;][\/et_pb_contact_field][et_pb_contact_field field_id=&#8221;puh&#8221; field_title=&#8221;Puhelinnumero&#8221; fullwidth_field=&#8221;on&#8221; _builder_version=&#8221;4.16&#8243; global_colors_info=&#8221;{}&#8221;][\/et_pb_contact_field][et_pb_contact_field field_id=&#8221;Email&#8221; field_title=&#8221;S\u00e4hk\u00f6postiosoite&#8221; field_type=&#8221;email&#8221; fullwidth_field=&#8221;on&#8221; _builder_version=&#8221;4.16&#8243; global_colors_info=&#8221;{}&#8221; button_text_size__hover_enabled=&#8221;off&#8221; button_one_text_size__hover_enabled=&#8221;off&#8221; button_two_text_size__hover_enabled=&#8221;off&#8221; button_text_color__hover_enabled=&#8221;off&#8221; button_one_text_color__hover_enabled=&#8221;off&#8221; button_two_text_color__hover_enabled=&#8221;off&#8221; button_border_width__hover_enabled=&#8221;off&#8221; button_one_border_width__hover_enabled=&#8221;off&#8221; button_two_border_width__hover_enabled=&#8221;off&#8221; button_border_color__hover_enabled=&#8221;off&#8221; button_one_border_color__hover_enabled=&#8221;off&#8221; button_two_border_color__hover_enabled=&#8221;off&#8221; button_border_radius__hover_enabled=&#8221;off&#8221; button_one_border_radius__hover_enabled=&#8221;off&#8221; button_two_border_radius__hover_enabled=&#8221;off&#8221; button_letter_spacing__hover_enabled=&#8221;off&#8221; button_one_letter_spacing__hover_enabled=&#8221;off&#8221; button_two_letter_spacing__hover_enabled=&#8221;off&#8221; button_bg_color__hover_enabled=&#8221;off&#8221; button_one_bg_color__hover_enabled=&#8221;off&#8221; button_two_bg_color__hover_enabled=&#8221;off&#8221;][\/et_pb_contact_field][et_pb_contact_field field_id=&#8221;Message&#8221; field_title=&#8221;S\u00e4hk\u00f6postiviesti&#8221; field_type=&#8221;text&#8221; fullwidth_field=&#8221;on&#8221; _builder_version=&#8221;4.16&#8243; global_colors_info=&#8221;{}&#8221; button_text_size__hover_enabled=&#8221;off&#8221; button_one_text_size__hover_enabled=&#8221;off&#8221; button_two_text_size__hover_enabled=&#8221;off&#8221; button_text_color__hover_enabled=&#8221;off&#8221; button_one_text_color__hover_enabled=&#8221;off&#8221; button_two_text_color__hover_enabled=&#8221;off&#8221; button_border_width__hover_enabled=&#8221;off&#8221; button_one_border_width__hover_enabled=&#8221;off&#8221; button_two_border_width__hover_enabled=&#8221;off&#8221; button_border_color__hover_enabled=&#8221;off&#8221; button_one_border_color__hover_enabled=&#8221;off&#8221; button_two_border_color__hover_enabled=&#8221;off&#8221; button_border_radius__hover_enabled=&#8221;off&#8221; button_one_border_radius__hover_enabled=&#8221;off&#8221; button_two_border_radius__hover_enabled=&#8221;off&#8221; button_letter_spacing__hover_enabled=&#8221;off&#8221; button_one_letter_spacing__hover_enabled=&#8221;off&#8221; button_two_letter_spacing__hover_enabled=&#8221;off&#8221; button_bg_color__hover_enabled=&#8221;off&#8221; button_one_bg_color__hover_enabled=&#8221;off&#8221; button_two_bg_color__hover_enabled=&#8221;off&#8221;][\/et_pb_contact_field][\/et_pb_contact_form][\/et_pb_column][et_pb_column type=&#8221;1_5&#8243; _builder_version=&#8221;4.16&#8243; global_colors_info=&#8221;{}&#8221;][\/et_pb_column][\/et_pb_row][\/et_pb_section]<\/p>\n","protected":false},"excerpt":{"rendered":"<p>Hoidamme LVI-urakat lujalla osaamisella, oli kyseess\u00e4 sitten remontti tai uudisrakennusOlemme erikoistuneet k\u00e4ytt\u00f6vesi-, l\u00e4mmitys- ja ilmanvaihtoj\u00e4rjestelmien tehokkaaseen asennukseen ja saneeraukseenKaikki asentajamme ovat raudanlujia ammattilaisia ja se n\u00e4kyy my\u00f6s tekem\u00e4ss\u00e4mme ty\u00f6ss\u00e4. Hoidamme jokaisen LVI-urakan aina sek\u00e4 parhailla osaajilla, ett\u00e4 kohteeseen sopivimmilla materiaaleilla. Jos haluat kuulla lis\u00e4\u00e4 meist\u00e4 yhteisty\u00f6kumppanina, voit milloin tahansa olla meihin yhteydess\u00e4 ja kysy\u00e4 lis\u00e4\u00e4. [&hellip;]<\/p>\n","protected":false},"author":2,"featured_media":0,"parent":0,"menu_order":0,"comment_status":"closed","ping_status":"closed","template":"","meta":{"_et_pb_use_builder":"on","_et_pb_old_content":"","_et_gb_content_width":"","footnotes":""},"class_list":["post-6","page","type-page","status-publish","hentry"],"_links":{"self":[{"href":"https:\/\/klavis.fi\/index.php?rest_route=\/wp\/v2\/pages\/6","targetHints":{"allow":["GET"]}}],"collection":[{"href":"https:\/\/klavis.fi\/index.php?rest_route=\/wp\/v2\/pages"}],"about":[{"href":"https:\/\/klavis.fi\/index.php?rest_route=\/wp\/v2\/types\/page"}],"author":[{"embeddable":true,"href":"https:\/\/klavis.fi\/index.php?rest_route=\/wp\/v2\/users\/2"}],"replies":[{"embeddable":true,"href":"https:\/\/klavis.fi\/index.php?rest_route=%2Fwp%2Fv2%2Fcomments&post=6"}],"version-history":[{"count":43,"href":"https:\/\/klavis.fi\/index.php?rest_route=\/wp\/v2\/pages\/6\/revisions"}],"predecessor-version":[{"id":176,"href":"https:\/\/klavis.fi\/index.php?rest_route=\/wp\/v2\/pages\/6\/revisions\/176"}],"wp:attachment":[{"href":"https:\/\/klavis.fi\/index.php?rest_route=%2Fwp%2Fv2%2Fmedia&parent=6"}],"curies":[{"name":"wp","href":"https:\/\/api.w.org\/{rel}","templated":true}]}}